{"id":578,"date":"2016-02-11T12:19:58","date_gmt":"2016-02-11T12:19:58","guid":{"rendered":"https:\/\/blog.wtransnet.com\/de\/?page_id=578"},"modified":"2016-02-11T12:24:30","modified_gmt":"2016-02-11T12:24:30","slug":"nutzungsanweisungen","status":"publish","type":"page","link":"https:\/\/blog.wtransnet.com\/de\/nutzungsanweisungen\/","title":{"rendered":"Nutzungsanweisungen"},"content":{"rendered":"<div class=\"post-entry post-entry-type-page post-entry-240\">\n<div class=\"entry-content-wrapper clearfix\">\n<div class=\"flex_column av_one_fifth first avia-builder-el-0 el_before_av_three_fifth avia-builder-el-first \">\u00a0<strong>Nutzungsbedingungen<\/strong><\/div>\n<div class=\"flex_column av_three_fifth avia-builder-el-1 el_after_av_one_fifth el_before_av_one_fifth \">\n<section class=\"av_textblock_section\">\n<div class=\"avia_textblock \">\n<p>Wir informieren Sie, dass die uns zur Verf\u00fcgung gestellten Daten in einem Ordner hinterlegt werden, f\u00fcr den Wotrant S.L.U, mit Hauptsitz in Avenida Abad Marcet, n\u00ba 43, 3\u00ba 1\u00aa,Terrassa (Barcelona, Spanien) zust\u00e4ndig ist und der allgemeinen Verwaltung, Information und Kommerzialisierung unserer Dienstleistungen dient. Wir informieren Sie ebenfalls dar\u00fcber, dass Sie Ihr Widerrufungs-, Berichtigungs-, und R\u00fccktrittsrecht im notwendigen Falle geltend machen k\u00f6nnen. Dazu kontaktieren Sie uns bitte unter der folgenden Email-Adresse: regdatos@wotrant.com.<br \/>\nDeswegen beantragen wir Ihre Erm\u00e4chtigung um ihre Daten gem\u00e4\u00df den in der vorhergehenden Klausel geschilderten Bedingungen beantreiten zu k\u00f6nnen und um Ihnen Infomationen aus unserem Geschaffsbereich zukommen zu lassen die f\u00fcr Sie von Interesse sein k\u00f6nnen.<\/p>\n<\/div>\n<\/section>\n<\/div>\n<\/div>\n<\/div>\n","protected":false},"excerpt":{"rendered":"<p>\u00a0Nutzungsbedingungen Wir informieren Sie, dass die uns zur Verf\u00fcgung gestellten Daten in einem Ordner hinterlegt werden, f\u00fcr den Wotrant S.L.U, mit Hauptsitz in Avenida Abad Marcet, n\u00ba 43, 3\u00ba 1\u00aa,Terrassa (Barcelona, Spanien) zust\u00e4ndig ist und der allgemeinen Verwaltung, Information und Kommerzialisierung unserer Dienstleistungen dient. Wir informieren Sie ebenfalls dar\u00fcber, dass Sie Ihr Widerrufungs-, Berichtigungs-, und &hellip;<\/p>\n","protected":false},"author":2,"featured_media":0,"parent":0,"menu_order":0,"comment_status":"closed","ping_status":"closed","template":"","meta":{"_monsterinsights_skip_tracking":false,"_monsterinsights_sitenote_active":false,"_monsterinsights_sitenote_note":"","_monsterinsights_sitenote_category":0,"footnotes":""},"class_list":["post-578","page","type-page","status-publish",""],"yoast_head":"<!-- This site is optimized with the Yoast SEO plugin v26.9 - https:\/\/yoast.com\/product\/yoast-seo-wordpress\/ -->\n<title>Nutzungsanweisungen - Blog Wtransnet Deutschland<\/title>\n<meta name=\"robots\" content=\"noindex, nofollow\" \/>\n<meta property=\"og:locale\" content=\"es_ES\" \/>\n<meta property=\"og:type\" content=\"article\" \/>\n<meta property=\"og:title\" content=\"Nutzungsanweisungen - Blog Wtransnet Deutschland\" \/>\n<meta property=\"og:description\" content=\"\u00a0Nutzungsbedingungen Wir informieren Sie, dass die uns zur Verf\u00fcgung gestellten Daten in einem Ordner hinterlegt werden, f\u00fcr den Wotrant S.L.U, mit Hauptsitz in Avenida Abad Marcet, n\u00ba 43, 3\u00ba 1\u00aa,Terrassa (Barcelona, Spanien) zust\u00e4ndig ist und der allgemeinen Verwaltung, Information und Kommerzialisierung unserer Dienstleistungen dient. Wir informieren Sie ebenfalls dar\u00fcber, dass Sie Ihr Widerrufungs-, Berichtigungs-, und &hellip;\" \/>\n<meta property=\"og:url\" content=\"https:\/\/blog.wtransnet.com\/de\/nutzungsanweisungen\/\" \/>\n<meta property=\"og:site_name\" content=\"Blog Wtransnet Deutschland\" \/>\n<meta property=\"article:modified_time\" content=\"2016-02-11T12:24:30+00:00\" \/>\n<meta name=\"twitter:card\" content=\"summary_large_image\" \/>\n<meta name=\"twitter:label1\" content=\"Tiempo de lectura\" \/>\n\t<meta name=\"twitter:data1\" content=\"1 minuto\" \/>\n<script type=\"application\/ld+json\" class=\"yoast-schema-graph\">{\"@context\":\"https:\/\/schema.org\",\"@graph\":[{\"@type\":\"WebPage\",\"@id\":\"https:\/\/blog.wtransnet.com\/de\/nutzungsanweisungen\/\",\"url\":\"https:\/\/blog.wtransnet.com\/de\/nutzungsanweisungen\/\",\"name\":\"Nutzungsanweisungen - Blog Wtransnet Deutschland\",\"isPartOf\":{\"@id\":\"https:\/\/blog.wtransnet.com\/de\/#website\"},\"datePublished\":\"2016-02-11T12:19:58+00:00\",\"dateModified\":\"2016-02-11T12:24:30+00:00\",\"breadcrumb\":{\"@id\":\"https:\/\/blog.wtransnet.com\/de\/nutzungsanweisungen\/#breadcrumb\"},\"inLanguage\":\"es\",\"potentialAction\":[{\"@type\":\"ReadAction\",\"target\":[\"https:\/\/blog.wtransnet.com\/de\/nutzungsanweisungen\/\"]}]},{\"@type\":\"BreadcrumbList\",\"@id\":\"https:\/\/blog.wtransnet.com\/de\/nutzungsanweisungen\/#breadcrumb\",\"itemListElement\":[{\"@type\":\"ListItem\",\"position\":1,\"name\":\"Portada\",\"item\":\"https:\/\/blog.wtransnet.com\/de\/\"},{\"@type\":\"ListItem\",\"position\":2,\"name\":\"Nutzungsanweisungen\"}]},{\"@type\":\"WebSite\",\"@id\":\"https:\/\/blog.wtransnet.com\/de\/#website\",\"url\":\"https:\/\/blog.wtransnet.com\/de\/\",\"name\":\"Blog Wtransnet Deutschland\",\"description\":\"Blog Wtransnet Deutschland: News von Transport und Logistik\",\"potentialAction\":[{\"@type\":\"SearchAction\",\"target\":{\"@type\":\"EntryPoint\",\"urlTemplate\":\"https:\/\/blog.wtransnet.com\/de\/?s={search_term_string}\"},\"query-input\":{\"@type\":\"PropertyValueSpecification\",\"valueRequired\":true,\"valueName\":\"search_term_string\"}}],\"inLanguage\":\"es\"}]}<\/script>\n<!-- \/ Yoast SEO plugin. -->","yoast_head_json":{"title":"Nutzungsanweisungen - Blog Wtransnet Deutschland","robots":{"index":"noindex","follow":"nofollow"},"og_locale":"es_ES","og_type":"article","og_title":"Nutzungsanweisungen - Blog Wtransnet Deutschland","og_description":"\u00a0Nutzungsbedingungen Wir informieren Sie, dass die uns zur Verf\u00fcgung gestellten Daten in einem Ordner hinterlegt werden, f\u00fcr den Wotrant S.L.U, mit Hauptsitz in Avenida Abad Marcet, n\u00ba 43, 3\u00ba 1\u00aa,Terrassa (Barcelona, Spanien) zust\u00e4ndig ist und der allgemeinen Verwaltung, Information und Kommerzialisierung unserer Dienstleistungen dient. Wir informieren Sie ebenfalls dar\u00fcber, dass Sie Ihr Widerrufungs-, Berichtigungs-, und &hellip;","og_url":"https:\/\/blog.wtransnet.com\/de\/nutzungsanweisungen\/","og_site_name":"Blog Wtransnet Deutschland","article_modified_time":"2016-02-11T12:24:30+00:00","twitter_card":"summary_large_image","twitter_misc":{"Tiempo de lectura":"1 minuto"},"schema":{"@context":"https:\/\/schema.org","@graph":[{"@type":"WebPage","@id":"https:\/\/blog.wtransnet.com\/de\/nutzungsanweisungen\/","url":"https:\/\/blog.wtransnet.com\/de\/nutzungsanweisungen\/","name":"Nutzungsanweisungen - Blog Wtransnet Deutschland","isPartOf":{"@id":"https:\/\/blog.wtransnet.com\/de\/#website"},"datePublished":"2016-02-11T12:19:58+00:00","dateModified":"2016-02-11T12:24:30+00:00","breadcrumb":{"@id":"https:\/\/blog.wtransnet.com\/de\/nutzungsanweisungen\/#breadcrumb"},"inLanguage":"es","potentialAction":[{"@type":"ReadAction","target":["https:\/\/blog.wtransnet.com\/de\/nutzungsanweisungen\/"]}]},{"@type":"BreadcrumbList","@id":"https:\/\/blog.wtransnet.com\/de\/nutzungsanweisungen\/#breadcrumb","itemListElement":[{"@type":"ListItem","position":1,"name":"Portada","item":"https:\/\/blog.wtransnet.com\/de\/"},{"@type":"ListItem","position":2,"name":"Nutzungsanweisungen"}]},{"@type":"WebSite","@id":"https:\/\/blog.wtransnet.com\/de\/#website","url":"https:\/\/blog.wtransnet.com\/de\/","name":"Blog Wtransnet Deutschland","description":"Blog Wtransnet Deutschland: News von Transport und Logistik","potentialAction":[{"@type":"SearchAction","target":{"@type":"EntryPoint","urlTemplate":"https:\/\/blog.wtransnet.com\/de\/?s={search_term_string}"},"query-input":{"@type":"PropertyValueSpecification","valueRequired":true,"valueName":"search_term_string"}}],"inLanguage":"es"}]}},"_links":{"self":[{"href":"https:\/\/blog.wtransnet.com\/de\/wp-json\/wp\/v2\/pages\/578","targetHints":{"allow":["GET"]}}],"collection":[{"href":"https:\/\/blog.wtransnet.com\/de\/wp-json\/wp\/v2\/pages"}],"about":[{"href":"https:\/\/blog.wtransnet.com\/de\/wp-json\/wp\/v2\/types\/page"}],"author":[{"embeddable":true,"href":"https:\/\/blog.wtransnet.com\/de\/wp-json\/wp\/v2\/users\/2"}],"replies":[{"embeddable":true,"href":"https:\/\/blog.wtransnet.com\/de\/wp-json\/wp\/v2\/comments?post=578"}],"version-history":[{"count":0,"href":"https:\/\/blog.wtransnet.com\/de\/wp-json\/wp\/v2\/pages\/578\/revisions"}],"wp:attachment":[{"href":"https:\/\/blog.wtransnet.com\/de\/wp-json\/wp\/v2\/media?parent=578"}],"curies":[{"name":"wp","href":"https:\/\/api.w.org\/{rel}","templated":true}]}}