{"id":2960,"date":"2016-02-11T12:17:15","date_gmt":"2016-02-11T12:17:15","guid":{"rendered":"https:\/\/blog.wtransnet.com\/es\/?page_id=2960"},"modified":"2016-02-11T12:23:58","modified_gmt":"2016-02-11T12:23:58","slug":"terminos-de-uso","status":"publish","type":"page","link":"https:\/\/blog.wtransnet.com\/es\/terminos-de-uso\/","title":{"rendered":"T\u00e9rminos de uso"},"content":{"rendered":"<div class=\"flex_column av_three_fifth avia-builder-el-1 el_after_av_one_fifth el_before_av_one_fifth \">\n<section class=\"av_textblock_section\">\n<div class=\"avia_textblock \">\n<p><strong>Condiciones de Uso<\/strong><\/p>\n<p>Le informamos que los datos que usted nos facilite van a ser incorporados a un fichero del que es responsable Wotrant, S.L., domiciliada en la Avenida Abad Marcet, n\u00ba 43, 3\u00ba 1\u00aa de Terrassa (Barcelona, Espa\u00f1a), con el fin de realizar la gesti\u00f3n de administraci\u00f3n general, informar y comercializar nuestros servicios. Se le informa asimismo que en la direcci\u00f3n de e-mail regdatos@wotrant.com podr\u00e1 ejercitar en caso necesario los derechos de acceso, rectificaci\u00f3n, cancelaci\u00f3n y oposici\u00f3n.<\/p>\n<p>Por todo ello solicitamos su autorizaci\u00f3n para realizar el tratamiento de sus datos conforme a lo dispuesto en la cl\u00e1usula anterior y para el env\u00edo de informaciones relacionadas con nuestra entidad que puedan ser de su inter\u00e9s.<\/p>\n<\/div>\n<\/section>\n<\/div>\n","protected":false},"excerpt":{"rendered":"<p>Condiciones de Uso Le informamos que los datos que usted nos facilite van a ser incorporados a un fichero del que es responsable Wotrant, S.L., domiciliada en la Avenida Abad Marcet, n\u00ba 43, 3\u00ba 1\u00aa de Terrassa (Barcelona, Espa\u00f1a), con el fin de realizar la gesti\u00f3n de administraci\u00f3n general, informar y comercializar nuestros servicios. Se &hellip;<\/p>\n","protected":false},"author":2,"featured_media":0,"parent":0,"menu_order":0,"comment_status":"closed","ping_status":"closed","template":"","meta":{"_monsterinsights_skip_tracking":false,"_monsterinsights_sitenote_active":false,"_monsterinsights_sitenote_note":"","_monsterinsights_sitenote_category":0,"footnotes":""},"class_list":["post-2960","page","type-page","status-publish",""],"yoast_head":"<!-- This site is optimized with the Yoast SEO plugin v26.9 - https:\/\/yoast.com\/product\/yoast-seo-wordpress\/ -->\n<title>T\u00e9rminos de uso - Blog Wtransnet Espa\u00f1a<\/title>\n<meta name=\"robots\" content=\"noindex, nofollow\" \/>\n<meta property=\"og:locale\" content=\"es_ES\" \/>\n<meta property=\"og:type\" content=\"article\" \/>\n<meta property=\"og:title\" content=\"T\u00e9rminos de uso - Blog Wtransnet Espa\u00f1a\" \/>\n<meta property=\"og:description\" content=\"Condiciones de Uso Le informamos que los datos que usted nos facilite van a ser incorporados a un fichero del que es responsable Wotrant, S.L., domiciliada en la Avenida Abad Marcet, n\u00ba 43, 3\u00ba 1\u00aa de Terrassa (Barcelona, Espa\u00f1a), con el fin de realizar la gesti\u00f3n de administraci\u00f3n general, informar y comercializar nuestros servicios. Se &hellip;\" \/>\n<meta property=\"og:url\" content=\"https:\/\/blog.wtransnet.com\/es\/terminos-de-uso\/\" \/>\n<meta property=\"og:site_name\" content=\"Blog Wtransnet Espa\u00f1a\" \/>\n<meta property=\"article:modified_time\" content=\"2016-02-11T12:23:58+00:00\" \/>\n<meta name=\"twitter:card\" content=\"summary_large_image\" \/>\n<meta name=\"twitter:label1\" content=\"Tiempo de lectura\" \/>\n\t<meta name=\"twitter:data1\" content=\"1 minuto\" \/>\n<script type=\"application\/ld+json\" class=\"yoast-schema-graph\">{\"@context\":\"https:\/\/schema.org\",\"@graph\":[{\"@type\":\"WebPage\",\"@id\":\"https:\/\/blog.wtransnet.com\/es\/terminos-de-uso\/\",\"url\":\"https:\/\/blog.wtransnet.com\/es\/terminos-de-uso\/\",\"name\":\"T\u00e9rminos de uso - Blog Wtransnet Espa\u00f1a\",\"isPartOf\":{\"@id\":\"https:\/\/blog.wtransnet.com\/es\/#website\"},\"datePublished\":\"2016-02-11T12:17:15+00:00\",\"dateModified\":\"2016-02-11T12:23:58+00:00\",\"breadcrumb\":{\"@id\":\"https:\/\/blog.wtransnet.com\/es\/terminos-de-uso\/#breadcrumb\"},\"inLanguage\":\"es\",\"potentialAction\":[{\"@type\":\"ReadAction\",\"target\":[\"https:\/\/blog.wtransnet.com\/es\/terminos-de-uso\/\"]}]},{\"@type\":\"BreadcrumbList\",\"@id\":\"https:\/\/blog.wtransnet.com\/es\/terminos-de-uso\/#breadcrumb\",\"itemListElement\":[{\"@type\":\"ListItem\",\"position\":1,\"name\":\"Portada\",\"item\":\"https:\/\/blog.wtransnet.com\/es\/\"},{\"@type\":\"ListItem\",\"position\":2,\"name\":\"T\u00e9rminos de uso\"}]},{\"@type\":\"WebSite\",\"@id\":\"https:\/\/blog.wtransnet.com\/es\/#website\",\"url\":\"https:\/\/blog.wtransnet.com\/es\/\",\"name\":\"Blog Wtransnet Espa\u00f1a\",\"description\":\"Blog Wtransnet: Noticias de transporte, log\u00edstica y bolsa de cargas en Espa\u00f1a y Europa.\",\"potentialAction\":[{\"@type\":\"SearchAction\",\"target\":{\"@type\":\"EntryPoint\",\"urlTemplate\":\"https:\/\/blog.wtransnet.com\/es\/?s={search_term_string}\"},\"query-input\":{\"@type\":\"PropertyValueSpecification\",\"valueRequired\":true,\"valueName\":\"search_term_string\"}}],\"inLanguage\":\"es\"}]}<\/script>\n<!-- \/ Yoast SEO plugin. -->","yoast_head_json":{"title":"T\u00e9rminos de uso - Blog Wtransnet Espa\u00f1a","robots":{"index":"noindex","follow":"nofollow"},"og_locale":"es_ES","og_type":"article","og_title":"T\u00e9rminos de uso - Blog Wtransnet Espa\u00f1a","og_description":"Condiciones de Uso Le informamos que los datos que usted nos facilite van a ser incorporados a un fichero del que es responsable Wotrant, S.L., domiciliada en la Avenida Abad Marcet, n\u00ba 43, 3\u00ba 1\u00aa de Terrassa (Barcelona, Espa\u00f1a), con el fin de realizar la gesti\u00f3n de administraci\u00f3n general, informar y comercializar nuestros servicios. Se &hellip;","og_url":"https:\/\/blog.wtransnet.com\/es\/terminos-de-uso\/","og_site_name":"Blog Wtransnet Espa\u00f1a","article_modified_time":"2016-02-11T12:23:58+00:00","twitter_card":"summary_large_image","twitter_misc":{"Tiempo de lectura":"1 minuto"},"schema":{"@context":"https:\/\/schema.org","@graph":[{"@type":"WebPage","@id":"https:\/\/blog.wtransnet.com\/es\/terminos-de-uso\/","url":"https:\/\/blog.wtransnet.com\/es\/terminos-de-uso\/","name":"T\u00e9rminos de uso - Blog Wtransnet Espa\u00f1a","isPartOf":{"@id":"https:\/\/blog.wtransnet.com\/es\/#website"},"datePublished":"2016-02-11T12:17:15+00:00","dateModified":"2016-02-11T12:23:58+00:00","breadcrumb":{"@id":"https:\/\/blog.wtransnet.com\/es\/terminos-de-uso\/#breadcrumb"},"inLanguage":"es","potentialAction":[{"@type":"ReadAction","target":["https:\/\/blog.wtransnet.com\/es\/terminos-de-uso\/"]}]},{"@type":"BreadcrumbList","@id":"https:\/\/blog.wtransnet.com\/es\/terminos-de-uso\/#breadcrumb","itemListElement":[{"@type":"ListItem","position":1,"name":"Portada","item":"https:\/\/blog.wtransnet.com\/es\/"},{"@type":"ListItem","position":2,"name":"T\u00e9rminos de uso"}]},{"@type":"WebSite","@id":"https:\/\/blog.wtransnet.com\/es\/#website","url":"https:\/\/blog.wtransnet.com\/es\/","name":"Blog Wtransnet Espa\u00f1a","description":"Blog Wtransnet: Noticias de transporte, log\u00edstica y bolsa de cargas en Espa\u00f1a y Europa.","potentialAction":[{"@type":"SearchAction","target":{"@type":"EntryPoint","urlTemplate":"https:\/\/blog.wtransnet.com\/es\/?s={search_term_string}"},"query-input":{"@type":"PropertyValueSpecification","valueRequired":true,"valueName":"search_term_string"}}],"inLanguage":"es"}]}},"_links":{"self":[{"href":"https:\/\/blog.wtransnet.com\/es\/wp-json\/wp\/v2\/pages\/2960","targetHints":{"allow":["GET"]}}],"collection":[{"href":"https:\/\/blog.wtransnet.com\/es\/wp-json\/wp\/v2\/pages"}],"about":[{"href":"https:\/\/blog.wtransnet.com\/es\/wp-json\/wp\/v2\/types\/page"}],"author":[{"embeddable":true,"href":"https:\/\/blog.wtransnet.com\/es\/wp-json\/wp\/v2\/users\/2"}],"replies":[{"embeddable":true,"href":"https:\/\/blog.wtransnet.com\/es\/wp-json\/wp\/v2\/comments?post=2960"}],"version-history":[{"count":0,"href":"https:\/\/blog.wtransnet.com\/es\/wp-json\/wp\/v2\/pages\/2960\/revisions"}],"wp:attachment":[{"href":"https:\/\/blog.wtransnet.com\/es\/wp-json\/wp\/v2\/media?parent=2960"}],"curies":[{"name":"wp","href":"https:\/\/api.w.org\/{rel}","templated":true}]}}