{"id":904,"date":"2015-08-25T14:48:05","date_gmt":"2015-08-25T14:48:05","guid":{"rendered":"https:\/\/blog.wtransnet.com\/es\/?page_id=904"},"modified":"2017-02-17T07:57:19","modified_gmt":"2017-02-17T07:57:19","slug":"camionero-recomienda","status":"publish","type":"page","link":"https:\/\/blog.wtransnet.com\/es\/camionero-recomienda\/","title":{"rendered":"El Camionero Recomienda"},"content":{"rendered":"<p><iframe loading=\"lazy\" src=\"https:\/\/www.google.com\/maps\/d\/embed?mid=1zmqFJO19PNjx79HDKNCoB04ksB4&#038;hl=es\" width=\"640\" height=\"480\"><\/iframe><\/p>\n","protected":false},"excerpt":{"rendered":"","protected":false},"author":2,"featured_media":0,"parent":0,"menu_order":0,"comment_status":"closed","ping_status":"closed","template":"","meta":{"_monsterinsights_skip_tracking":false,"_monsterinsights_sitenote_active":false,"_monsterinsights_sitenote_note":"","_monsterinsights_sitenote_category":0,"footnotes":""},"class_list":["post-904","page","type-page","status-publish",""],"yoast_head":"<!-- This site is optimized with the Yoast SEO plugin v26.9 - https:\/\/yoast.com\/product\/yoast-seo-wordpress\/ -->\n<title>Blog Wtransnet | El Camionero recomienda | Restaurantes de Carretera<\/title>\n<meta name=\"description\" content=\"Buscador especializado de restaurantes de carretera. La mejor gu\u00eda para encontrar productos y servicios para transportistas.\u00a0\" \/>\n<meta name=\"robots\" content=\"index, follow, max-snippet:-1, max-image-preview:large, max-video-preview:-1\" \/>\n<link rel=\"canonical\" href=\"https:\/\/blog.wtransnet.com\/es\/camionero-recomienda\/\" \/>\n<meta property=\"og:locale\" content=\"es_ES\" \/>\n<meta property=\"og:type\" content=\"article\" \/>\n<meta property=\"og:title\" content=\"Blog Wtransnet | El Camionero recomienda | Restaurantes de Carretera\" \/>\n<meta property=\"og:description\" content=\"Buscador especializado de restaurantes de carretera. La mejor gu\u00eda para encontrar productos y servicios para transportistas.\u00a0\" \/>\n<meta property=\"og:url\" content=\"https:\/\/blog.wtransnet.com\/es\/camionero-recomienda\/\" \/>\n<meta property=\"og:site_name\" content=\"Blog Wtransnet Espa\u00f1a\" \/>\n<meta property=\"article:modified_time\" content=\"2017-02-17T07:57:19+00:00\" \/>\n<meta name=\"twitter:card\" content=\"summary_large_image\" \/>\n<script type=\"application\/ld+json\" class=\"yoast-schema-graph\">{\"@context\":\"https:\/\/schema.org\",\"@graph\":[{\"@type\":\"WebPage\",\"@id\":\"https:\/\/blog.wtransnet.com\/es\/camionero-recomienda\/\",\"url\":\"https:\/\/blog.wtransnet.com\/es\/camionero-recomienda\/\",\"name\":\"Blog Wtransnet | El Camionero recomienda | Restaurantes de Carretera\",\"isPartOf\":{\"@id\":\"https:\/\/blog.wtransnet.com\/es\/#website\"},\"datePublished\":\"2015-08-25T14:48:05+00:00\",\"dateModified\":\"2017-02-17T07:57:19+00:00\",\"description\":\"Buscador especializado de restaurantes de carretera. La mejor gu\u00eda para encontrar productos y servicios para transportistas.\u00a0\",\"breadcrumb\":{\"@id\":\"https:\/\/blog.wtransnet.com\/es\/camionero-recomienda\/#breadcrumb\"},\"inLanguage\":\"es\",\"potentialAction\":[{\"@type\":\"ReadAction\",\"target\":[\"https:\/\/blog.wtransnet.com\/es\/camionero-recomienda\/\"]}]},{\"@type\":\"BreadcrumbList\",\"@id\":\"https:\/\/blog.wtransnet.com\/es\/camionero-recomienda\/#breadcrumb\",\"itemListElement\":[{\"@type\":\"ListItem\",\"position\":1,\"name\":\"Portada\",\"item\":\"https:\/\/blog.wtransnet.com\/es\/\"},{\"@type\":\"ListItem\",\"position\":2,\"name\":\"El Camionero Recomienda\"}]},{\"@type\":\"WebSite\",\"@id\":\"https:\/\/blog.wtransnet.com\/es\/#website\",\"url\":\"https:\/\/blog.wtransnet.com\/es\/\",\"name\":\"Blog Wtransnet Espa\u00f1a\",\"description\":\"Blog Wtransnet: Noticias de transporte, log\u00edstica y bolsa de cargas en Espa\u00f1a y Europa.\",\"potentialAction\":[{\"@type\":\"SearchAction\",\"target\":{\"@type\":\"EntryPoint\",\"urlTemplate\":\"https:\/\/blog.wtransnet.com\/es\/?s={search_term_string}\"},\"query-input\":{\"@type\":\"PropertyValueSpecification\",\"valueRequired\":true,\"valueName\":\"search_term_string\"}}],\"inLanguage\":\"es\"}]}<\/script>\n<!-- \/ Yoast SEO plugin. -->","yoast_head_json":{"title":"Blog Wtransnet | El Camionero recomienda | Restaurantes de Carretera","description":"Buscador especializado de restaurantes de carretera. La mejor gu\u00eda para encontrar productos y servicios para transportistas.\u00a0","robots":{"index":"index","follow":"follow","max-snippet":"max-snippet:-1","max-image-preview":"max-image-preview:large","max-video-preview":"max-video-preview:-1"},"canonical":"https:\/\/blog.wtransnet.com\/es\/camionero-recomienda\/","og_locale":"es_ES","og_type":"article","og_title":"Blog Wtransnet | El Camionero recomienda | Restaurantes de Carretera","og_description":"Buscador especializado de restaurantes de carretera. La mejor gu\u00eda para encontrar productos y servicios para transportistas.\u00a0","og_url":"https:\/\/blog.wtransnet.com\/es\/camionero-recomienda\/","og_site_name":"Blog Wtransnet Espa\u00f1a","article_modified_time":"2017-02-17T07:57:19+00:00","twitter_card":"summary_large_image","schema":{"@context":"https:\/\/schema.org","@graph":[{"@type":"WebPage","@id":"https:\/\/blog.wtransnet.com\/es\/camionero-recomienda\/","url":"https:\/\/blog.wtransnet.com\/es\/camionero-recomienda\/","name":"Blog Wtransnet | El Camionero recomienda | Restaurantes de Carretera","isPartOf":{"@id":"https:\/\/blog.wtransnet.com\/es\/#website"},"datePublished":"2015-08-25T14:48:05+00:00","dateModified":"2017-02-17T07:57:19+00:00","description":"Buscador especializado de restaurantes de carretera. La mejor gu\u00eda para encontrar productos y servicios para transportistas.\u00a0","breadcrumb":{"@id":"https:\/\/blog.wtransnet.com\/es\/camionero-recomienda\/#breadcrumb"},"inLanguage":"es","potentialAction":[{"@type":"ReadAction","target":["https:\/\/blog.wtransnet.com\/es\/camionero-recomienda\/"]}]},{"@type":"BreadcrumbList","@id":"https:\/\/blog.wtransnet.com\/es\/camionero-recomienda\/#breadcrumb","itemListElement":[{"@type":"ListItem","position":1,"name":"Portada","item":"https:\/\/blog.wtransnet.com\/es\/"},{"@type":"ListItem","position":2,"name":"El Camionero Recomienda"}]},{"@type":"WebSite","@id":"https:\/\/blog.wtransnet.com\/es\/#website","url":"https:\/\/blog.wtransnet.com\/es\/","name":"Blog Wtransnet Espa\u00f1a","description":"Blog Wtransnet: Noticias de transporte, log\u00edstica y bolsa de cargas en Espa\u00f1a y Europa.","potentialAction":[{"@type":"SearchAction","target":{"@type":"EntryPoint","urlTemplate":"https:\/\/blog.wtransnet.com\/es\/?s={search_term_string}"},"query-input":{"@type":"PropertyValueSpecification","valueRequired":true,"valueName":"search_term_string"}}],"inLanguage":"es"}]}},"_links":{"self":[{"href":"https:\/\/blog.wtransnet.com\/es\/wp-json\/wp\/v2\/pages\/904","targetHints":{"allow":["GET"]}}],"collection":[{"href":"https:\/\/blog.wtransnet.com\/es\/wp-json\/wp\/v2\/pages"}],"about":[{"href":"https:\/\/blog.wtransnet.com\/es\/wp-json\/wp\/v2\/types\/page"}],"author":[{"embeddable":true,"href":"https:\/\/blog.wtransnet.com\/es\/wp-json\/wp\/v2\/users\/2"}],"replies":[{"embeddable":true,"href":"https:\/\/blog.wtransnet.com\/es\/wp-json\/wp\/v2\/comments?post=904"}],"version-history":[{"count":2,"href":"https:\/\/blog.wtransnet.com\/es\/wp-json\/wp\/v2\/pages\/904\/revisions"}],"predecessor-version":[{"id":6436,"href":"https:\/\/blog.wtransnet.com\/es\/wp-json\/wp\/v2\/pages\/904\/revisions\/6436"}],"wp:attachment":[{"href":"https:\/\/blog.wtransnet.com\/es\/wp-json\/wp\/v2\/media?parent=904"}],"curies":[{"name":"wp","href":"https:\/\/api.w.org\/{rel}","templated":true}]}}