{"id":1241,"date":"2016-02-11T12:18:51","date_gmt":"2016-02-11T12:18:51","guid":{"rendered":"https:\/\/blog.wtransnet.com\/fr\/?page_id=1241"},"modified":"2016-02-11T12:24:12","modified_gmt":"2016-02-11T12:24:12","slug":"conditions-utilisation","status":"publish","type":"page","link":"https:\/\/blog.wtransnet.com\/fr\/conditions-utilisation\/","title":{"rendered":"Conditions utilisation"},"content":{"rendered":"<div class=\"post-entry post-entry-type-page post-entry-240\">\n<div class=\"entry-content-wrapper clearfix\">\n<div class=\"flex_column av_one_fifth first avia-builder-el-0 el_before_av_three_fifth avia-builder-el-first \"><\/div>\n<div class=\"flex_column av_three_fifth avia-builder-el-1 el_after_av_one_fifth el_before_av_one_fifth \">\n<section class=\"av_textblock_section\">\n<div class=\"avia_textblock \">\n<p><strong>Conditions d\u2019utilisation<\/strong><\/p>\n<p>Nous vous informons que les renseignements donn\u00e9s seront inclus dans un fichier responsabilit\u00e9 de Wotrant S.L domicili\u00e9 Avenue Abad Marcet, n\u00ba43, 3\u00ba1\u00ba a Terrassa (Barcelone, Espagne) dans le but de r\u00e9aliser la gestion administrative g\u00e9n\u00e9rale, d\u2019informer et commercialiser nos services. Nous vous informons \u00e9galement qu\u2019\u00e0 l\u2019adresse e-mail regdatos@wotrant.com vous pourrez exercer si n\u00e9cessaire vos droits d\u2019acc\u00e8s, modification, r\u00e9siliation et opposition.<br \/>\nPour tout cela nous demandons votre autorisation afin de r\u00e9aliser le traitement de vos donn\u00e9es conform\u00e9ment aux dispositions pr\u00e9vues dans la clause ant\u00e9rieure et l\u2019envoi d\u2019informations en relation avec notre soci\u00e9t\u00e9 qui peuvent vous int\u00e9resser.<\/p>\n<\/div>\n<\/section>\n<\/div>\n<\/div>\n<\/div>\n","protected":false},"excerpt":{"rendered":"<p>Conditions d\u2019utilisation Nous vous informons que les renseignements donn\u00e9s seront inclus dans un fichier responsabilit\u00e9 de Wotrant S.L domicili\u00e9 Avenue Abad Marcet, n\u00ba43, 3\u00ba1\u00ba a Terrassa (Barcelone, Espagne) dans le but de r\u00e9aliser la gestion administrative g\u00e9n\u00e9rale, d\u2019informer et commercialiser nos services. Nous vous informons \u00e9galement qu\u2019\u00e0 l\u2019adresse e-mail regdatos@wotrant.com vous pourrez exercer si n\u00e9cessaire &hellip;<\/p>\n","protected":false},"author":2,"featured_media":0,"parent":0,"menu_order":0,"comment_status":"closed","ping_status":"closed","template":"","meta":{"_monsterinsights_skip_tracking":false,"_monsterinsights_sitenote_active":false,"_monsterinsights_sitenote_note":"","_monsterinsights_sitenote_category":0,"footnotes":""},"class_list":["post-1241","page","type-page","status-publish",""],"yoast_head":"<!-- This site is optimized with the Yoast SEO plugin v26.9 - https:\/\/yoast.com\/product\/yoast-seo-wordpress\/ -->\n<title>Conditions utilisation - Blog Wtransnet France<\/title>\n<meta name=\"robots\" content=\"noindex, nofollow\" \/>\n<meta property=\"og:locale\" content=\"es_ES\" \/>\n<meta property=\"og:type\" content=\"article\" \/>\n<meta property=\"og:title\" content=\"Conditions utilisation - Blog Wtransnet France\" \/>\n<meta property=\"og:description\" content=\"Conditions d\u2019utilisation Nous vous informons que les renseignements donn\u00e9s seront inclus dans un fichier responsabilit\u00e9 de Wotrant S.L domicili\u00e9 Avenue Abad Marcet, n\u00ba43, 3\u00ba1\u00ba a Terrassa (Barcelone, Espagne) dans le but de r\u00e9aliser la gestion administrative g\u00e9n\u00e9rale, d\u2019informer et commercialiser nos services. Nous vous informons \u00e9galement qu\u2019\u00e0 l\u2019adresse e-mail regdatos@wotrant.com vous pourrez exercer si n\u00e9cessaire &hellip;\" \/>\n<meta property=\"og:url\" content=\"https:\/\/blog.wtransnet.com\/fr\/conditions-utilisation\/\" \/>\n<meta property=\"og:site_name\" content=\"Blog Wtransnet France\" \/>\n<meta property=\"article:modified_time\" content=\"2016-02-11T12:24:12+00:00\" \/>\n<meta name=\"twitter:card\" content=\"summary_large_image\" \/>\n<meta name=\"twitter:label1\" content=\"Tiempo de lectura\" \/>\n\t<meta name=\"twitter:data1\" content=\"1 minuto\" \/>\n<script type=\"application\/ld+json\" class=\"yoast-schema-graph\">{\"@context\":\"https:\/\/schema.org\",\"@graph\":[{\"@type\":\"WebPage\",\"@id\":\"https:\/\/blog.wtransnet.com\/fr\/conditions-utilisation\/\",\"url\":\"https:\/\/blog.wtransnet.com\/fr\/conditions-utilisation\/\",\"name\":\"Conditions utilisation - Blog Wtransnet France\",\"isPartOf\":{\"@id\":\"https:\/\/blog.wtransnet.com\/fr\/#website\"},\"datePublished\":\"2016-02-11T12:18:51+00:00\",\"dateModified\":\"2016-02-11T12:24:12+00:00\",\"breadcrumb\":{\"@id\":\"https:\/\/blog.wtransnet.com\/fr\/conditions-utilisation\/#breadcrumb\"},\"inLanguage\":\"es\",\"potentialAction\":[{\"@type\":\"ReadAction\",\"target\":[\"https:\/\/blog.wtransnet.com\/fr\/conditions-utilisation\/\"]}]},{\"@type\":\"BreadcrumbList\",\"@id\":\"https:\/\/blog.wtransnet.com\/fr\/conditions-utilisation\/#breadcrumb\",\"itemListElement\":[{\"@type\":\"ListItem\",\"position\":1,\"name\":\"Portada\",\"item\":\"https:\/\/blog.wtransnet.com\/fr\/\"},{\"@type\":\"ListItem\",\"position\":2,\"name\":\"Conditions utilisation\"}]},{\"@type\":\"WebSite\",\"@id\":\"https:\/\/blog.wtransnet.com\/fr\/#website\",\"url\":\"https:\/\/blog.wtransnet.com\/fr\/\",\"name\":\"Blog Wtransnet France\",\"description\":\"Blog Wtransnet France: Actualit\u00e9s transport et logistique\",\"potentialAction\":[{\"@type\":\"SearchAction\",\"target\":{\"@type\":\"EntryPoint\",\"urlTemplate\":\"https:\/\/blog.wtransnet.com\/fr\/?s={search_term_string}\"},\"query-input\":{\"@type\":\"PropertyValueSpecification\",\"valueRequired\":true,\"valueName\":\"search_term_string\"}}],\"inLanguage\":\"es\"}]}<\/script>\n<!-- \/ Yoast SEO plugin. -->","yoast_head_json":{"title":"Conditions utilisation - Blog Wtransnet France","robots":{"index":"noindex","follow":"nofollow"},"og_locale":"es_ES","og_type":"article","og_title":"Conditions utilisation - Blog Wtransnet France","og_description":"Conditions d\u2019utilisation Nous vous informons que les renseignements donn\u00e9s seront inclus dans un fichier responsabilit\u00e9 de Wotrant S.L domicili\u00e9 Avenue Abad Marcet, n\u00ba43, 3\u00ba1\u00ba a Terrassa (Barcelone, Espagne) dans le but de r\u00e9aliser la gestion administrative g\u00e9n\u00e9rale, d\u2019informer et commercialiser nos services. Nous vous informons \u00e9galement qu\u2019\u00e0 l\u2019adresse e-mail regdatos@wotrant.com vous pourrez exercer si n\u00e9cessaire &hellip;","og_url":"https:\/\/blog.wtransnet.com\/fr\/conditions-utilisation\/","og_site_name":"Blog Wtransnet France","article_modified_time":"2016-02-11T12:24:12+00:00","twitter_card":"summary_large_image","twitter_misc":{"Tiempo de lectura":"1 minuto"},"schema":{"@context":"https:\/\/schema.org","@graph":[{"@type":"WebPage","@id":"https:\/\/blog.wtransnet.com\/fr\/conditions-utilisation\/","url":"https:\/\/blog.wtransnet.com\/fr\/conditions-utilisation\/","name":"Conditions utilisation - Blog Wtransnet France","isPartOf":{"@id":"https:\/\/blog.wtransnet.com\/fr\/#website"},"datePublished":"2016-02-11T12:18:51+00:00","dateModified":"2016-02-11T12:24:12+00:00","breadcrumb":{"@id":"https:\/\/blog.wtransnet.com\/fr\/conditions-utilisation\/#breadcrumb"},"inLanguage":"es","potentialAction":[{"@type":"ReadAction","target":["https:\/\/blog.wtransnet.com\/fr\/conditions-utilisation\/"]}]},{"@type":"BreadcrumbList","@id":"https:\/\/blog.wtransnet.com\/fr\/conditions-utilisation\/#breadcrumb","itemListElement":[{"@type":"ListItem","position":1,"name":"Portada","item":"https:\/\/blog.wtransnet.com\/fr\/"},{"@type":"ListItem","position":2,"name":"Conditions utilisation"}]},{"@type":"WebSite","@id":"https:\/\/blog.wtransnet.com\/fr\/#website","url":"https:\/\/blog.wtransnet.com\/fr\/","name":"Blog Wtransnet France","description":"Blog Wtransnet France: Actualit\u00e9s transport et logistique","potentialAction":[{"@type":"SearchAction","target":{"@type":"EntryPoint","urlTemplate":"https:\/\/blog.wtransnet.com\/fr\/?s={search_term_string}"},"query-input":{"@type":"PropertyValueSpecification","valueRequired":true,"valueName":"search_term_string"}}],"inLanguage":"es"}]}},"_links":{"self":[{"href":"https:\/\/blog.wtransnet.com\/fr\/wp-json\/wp\/v2\/pages\/1241","targetHints":{"allow":["GET"]}}],"collection":[{"href":"https:\/\/blog.wtransnet.com\/fr\/wp-json\/wp\/v2\/pages"}],"about":[{"href":"https:\/\/blog.wtransnet.com\/fr\/wp-json\/wp\/v2\/types\/page"}],"author":[{"embeddable":true,"href":"https:\/\/blog.wtransnet.com\/fr\/wp-json\/wp\/v2\/users\/2"}],"replies":[{"embeddable":true,"href":"https:\/\/blog.wtransnet.com\/fr\/wp-json\/wp\/v2\/comments?post=1241"}],"version-history":[{"count":0,"href":"https:\/\/blog.wtransnet.com\/fr\/wp-json\/wp\/v2\/pages\/1241\/revisions"}],"wp:attachment":[{"href":"https:\/\/blog.wtransnet.com\/fr\/wp-json\/wp\/v2\/media?parent=1241"}],"curies":[{"name":"wp","href":"https:\/\/api.w.org\/{rel}","templated":true}]}}